{"id":4895,"date":"2024-01-04T14:28:30","date_gmt":"2024-01-04T13:28:30","guid":{"rendered":"https:\/\/metishaus.de\/w\/?page_id=4895"},"modified":"2025-09-26T11:40:06","modified_gmt":"2025-09-26T09:40:06","slug":"metishaus","status":"publish","type":"page","link":"https:\/\/metishaus.de\/w\/partner\/metishaus\/","title":{"rendered":"Metishaus"},"content":{"rendered":"<div class=\"wpb-content-wrapper\"><p>[vc_row type=&#8220;vc_default&#8220; full_width=&#8220;stretch_row_content_no_spaces&#8220; content_placement=&#8220;bottom&#8220; css_animation=&#8220;fadeIn&#8220; disable_element=&#8220;yes&#8220; css=&#8220;.vc_custom_1678810039711{background-image: url(https:\/\/metishaus.de\/w\/wp-content\/uploads\/2023\/03\/23_Metis_Haus_Stadtvilla_000_2000_1200.jpg?id=3929) !important;}&#8220;][vc_column offset=&#8220;vc_hidden-xs&#8220;][vc_empty_space height=&#8220;600px&#8220;][\/vc_column][\/vc_row][vc_row type=&#8220;vc_default&#8220; full_width=&#8220;stretch_row_content_no_spaces&#8220; content_placement=&#8220;bottom&#8220; css_animation=&#8220;none&#8220; css=&#8220;.vc_custom_1681479513116{background-image: url(https:\/\/metishaus.de\/w\/wp-content\/uploads\/2023\/04\/23_Metis_Header_1_0105_2000_700_.jpg?id=4564) !important;}&#8220;][vc_column offset=&#8220;vc_hidden-sm vc_hidden-xs&#8220;][vc_empty_space height=&#8220;600px&#8220;][\/vc_column][\/vc_row][vc_row css=&#8220;.vc_custom_1575386276252{padding-bottom: 85px !important;}&#8220;][vc_column offset=&#8220;vc_hidden-lg vc_hidden-md&#8220;]<style type=\"text\/css\" data-type=\"the7_shortcodes-inline-css\">.shortcode-single-image-wrap.shortcode-single-image-beb6d2a0d36457a993146af815de727a.enable-bg-rollover .rollover i,\n.shortcode-single-image-wrap.shortcode-single-image-beb6d2a0d36457a993146af815de727a.enable-bg-rollover .rollover-video i {\n  background: -webkit-linear-gradient();\n  background: linear-gradient();\n}\n.shortcode-single-image-wrap.shortcode-single-image-beb6d2a0d36457a993146af815de727a .rollover-icon {\n  font-size: 32px;\n  color: #ffffff;\n  min-width: 44px;\n  min-height: 44px;\n  line-height: 44px;\n  border-radius: 100px;\n  border-style: solid;\n  border-width: 0px;\n}\n.dt-icon-bg-on.shortcode-single-image-wrap.shortcode-single-image-beb6d2a0d36457a993146af815de727a .rollover-icon {\n  background: rgba(255,255,255,0.3);\n  box-shadow: none;\n}\n<\/style><div class=\"shortcode-single-image-wrap shortcode-single-image-beb6d2a0d36457a993146af815de727a alignnone fadeIn animate-element  enable-bg-rollover dt-icon-bg-off\" style=\"margin-top:0px; margin-bottom:0px; margin-left:0px; margin-right:0px;\"><div class=\"shortcode-single-image\"><div class=\"fancy-media-wrap\" style=\"\"><a class=\"layzr-bg rollover rollover-zoom dt-pswp-item pswp-image\" href=\"https:\/\/metishaus.de\/w\/wp-content\/uploads\/2023\/04\/23_Metis_Header_1_0105_1500_525_.jpg\" title=\"\" data-dt-img-description=\"\" data-large_image_width=\"1500\" data-large_image_height = \"525\"  style=\"\"><img fetchpriority=\"high\" decoding=\"async\" class=\"preload-me lazy-load aspect\" src=\"data:image\/svg+xml,%3Csvg%20xmlns%3D&#39;http%3A%2F%2Fwww.w3.org%2F2000%2Fsvg&#39;%20viewBox%3D&#39;0%200%201500%20525&#39;%2F%3E\" data-src=\"https:\/\/metishaus.de\/w\/wp-content\/uploads\/2023\/04\/23_Metis_Header_1_0105_1500_525_.jpg\" data-srcset=\"https:\/\/metishaus.de\/w\/wp-content\/uploads\/2023\/04\/23_Metis_Header_1_0105_1500_525_.jpg 1500w\" loading=\"eager\" style=\"--ratio: 1500 \/ 525\" sizes=\"(max-width: 1500px) 100vw, 1500px\" width=\"1500\" height=\"525\"  data-dt-location=\"https:\/\/metishaus.de\/w\/23_metis_header_1_0105_1500_525_\/\" alt=\"\" \/><\/a><\/div><\/div><\/div>[\/vc_column][\/vc_row][vc_row css=&#8220;.vc_custom_1575381975121{padding-top: 85px !important;padding-bottom: 55px !important;}&#8220;][vc_column css=&#8220;.vc_custom_1575381822868{padding-bottom: 30px !important;}&#8220;][vc_empty_space height=&#8220;80px&#8220;][vc_column_text css_animation=&#8220;none&#8220;]<\/p>\n<h4>Individuell geplante H\u00e4user<\/h4>\n<h1>METISHAUS<\/h1>\n<p>[\/vc_column_text][\/vc_column][vc_column css=&#8220;.vc_custom_1681476829302{padding-bottom: 30px !important;}&#8220; offset=&#8220;vc_col-lg-6 vc_col-md-12&#8243;][vc_column_text css_animation=&#8220;fadeIn&#8220;]Wir von Metishaus begleiten Sie gerne auf Ihrem Weg in die eigenen vier W\u00e4nde und sind auch der zuverl\u00e4ssige und kompetente Partner an Ihrer Seite den Sie brauchen. Denn ein Hausbau bringt viele Herausforderungen und Entscheidungen mit sich, f\u00fcr diese Phase sind wir beratend und unterst\u00fctzend f\u00fcr Sie da. Bei Metishaus stehen grunds\u00e4tzlich die Bauherren im Vordergrund, denen wir mit einer gr\u00f6\u00dftm\u00f6glichen Sicherheit und Service den Traum eines individuell geplanten Hauses erm\u00f6glichen m\u00f6chten.<\/p>\n<p>Eine sorgf\u00e4ltige Planung, hochwertige Baustoffe sowie eine zuverl\u00e4ssige Bauausf\u00fchrung durch erfahrene und bew\u00e4hrte\u00a0Handwerksbetriebe aus der Region sind f\u00fcr uns seit Beginn an selbstverst\u00e4ndlich. Gerne sind wir auch bei der Finanzierung Ihres METIS-Traumhauses behilflich.<\/p>\n<p>Wir haben es zu unserer Aufgabe gemacht, H\u00e4user individuell auf die Bed\u00fcrfnisse unserer Kunden zu erstellen. So sind in den vergangenen 10 Jahren immer Bauwerke entstanden, die auf die individuellen Lebensumst\u00e4nde unserer Bauherren zugeschnitten sind und keine der mittlerweile \u00fcber 500 erstellten Wohneinheiten hat hierbei die selbe Kubatur oder Ausstattung, ganz gleich ob es sich dabei um Einfamilien-, Doppel-, Reihen- oder Mehrfamilienh\u00e4user mit bis zu 100 Wohneinheiten handelt.[\/vc_column_text][vc_empty_space height=&#8220;50px&#8220;][\/vc_column][vc_column offset=&#8220;vc_col-lg-6 vc_col-md-12&#8243;]<style type=\"text\/css\" data-type=\"the7_shortcodes-inline-css\">.shortcode-single-image-wrap.shortcode-single-image-0956aac3a2b954ebf98c632f7bad72b2.enable-bg-rollover .rollover i,\n.shortcode-single-image-wrap.shortcode-single-image-0956aac3a2b954ebf98c632f7bad72b2.enable-bg-rollover .rollover-video i {\n  background: -webkit-linear-gradient();\n  background: linear-gradient();\n}\n.shortcode-single-image-wrap.shortcode-single-image-0956aac3a2b954ebf98c632f7bad72b2 .rollover-icon {\n  font-size: 32px;\n  color: #ffffff;\n  min-width: 44px;\n  min-height: 44px;\n  line-height: 44px;\n  border-radius: 100px;\n  border-style: solid;\n  border-width: 0px;\n}\n.dt-icon-bg-on.shortcode-single-image-wrap.shortcode-single-image-0956aac3a2b954ebf98c632f7bad72b2 .rollover-icon {\n  background: rgba(255,255,255,0.3);\n  box-shadow: none;\n}\n<\/style><div class=\"shortcode-single-image-wrap shortcode-single-image-0956aac3a2b954ebf98c632f7bad72b2 alignnone fadeIn animate-element  enable-bg-rollover dt-icon-bg-off\" style=\"margin-top:0px; margin-bottom:0px; margin-left:0px; margin-right:0px;\"><div class=\"shortcode-single-image\"><div class=\"fancy-media-wrap  layzr-bg\" style=\"\"><img decoding=\"async\" class=\"preload-me lazy-load aspect\" src=\"data:image\/svg+xml,%3Csvg%20xmlns%3D&#39;http%3A%2F%2Fwww.w3.org%2F2000%2Fsvg&#39;%20viewBox%3D&#39;0%200%201000%20750&#39;%2F%3E\" data-src=\"https:\/\/metishaus.de\/w\/wp-content\/uploads\/2024\/01\/23_Metis_Partner_Metis_Logo_1000_750.png\" data-srcset=\"https:\/\/metishaus.de\/w\/wp-content\/uploads\/2024\/01\/23_Metis_Partner_Metis_Logo_1000_750.png 1000w\" loading=\"eager\" sizes=\"(max-width: 1000px) 100vw, 1000px\" width=\"1000\" height=\"750\"  data-dt-location=\"https:\/\/metishaus.de\/w\/partner\/gravis-erdbau\/23_metis_partner_metis_logo_1000_750\/\" style=\"--ratio: 1000 \/ 750;\" alt=\"\" \/><\/div><\/div><\/div>[\/vc_column][\/vc_row][vc_row css=&#8220;.vc_custom_1678809092081{padding-bottom: 85px !important;}&#8220;][vc_column][vc_empty_space height=&#8220;100px&#8220;][vc_column_text css_animation=&#8220;fadeIn&#8220;]<\/p>\n<h3>Weitere Mitglieder der A.E.S. Holding GmbH Unternehmensgruppe<\/h3>\n<p>[\/vc_column_text][\/vc_column][\/vc_row][vc_row css=&#8220;.vc_custom_1704289444940{padding-bottom: 85px !important;}&#8220;][vc_column width=&#8220;1\/6&#8243;]<style type=\"text\/css\" data-type=\"the7_shortcodes-inline-css\">.shortcode-single-image-wrap.shortcode-single-image-fe1cc5ce68eb9fe0fc1c5b5c5b6a41b2.enable-bg-rollover .rollover i,\n.shortcode-single-image-wrap.shortcode-single-image-fe1cc5ce68eb9fe0fc1c5b5c5b6a41b2.enable-bg-rollover .rollover-video i {\n  background: -webkit-linear-gradient();\n  background: linear-gradient();\n}\n.shortcode-single-image-wrap.shortcode-single-image-fe1cc5ce68eb9fe0fc1c5b5c5b6a41b2 .rollover-icon {\n  font-size: 32px;\n  color: #ffffff;\n  min-width: 44px;\n  min-height: 44px;\n  line-height: 44px;\n  border-radius: 100px;\n  border-style: solid;\n  border-width: 0px;\n}\n.dt-icon-bg-on.shortcode-single-image-wrap.shortcode-single-image-fe1cc5ce68eb9fe0fc1c5b5c5b6a41b2 .rollover-icon {\n  background: rgba(255,255,255,0.3);\n  box-shadow: none;\n}\n<\/style><div class=\"shortcode-single-image-wrap shortcode-single-image-fe1cc5ce68eb9fe0fc1c5b5c5b6a41b2 alignnone fadeIn animate-element  enable-bg-rollover dt-icon-bg-off\" style=\"margin-top:0px; margin-bottom:0px; margin-left:0px; margin-right:0px;\"><div class=\"shortcode-single-image\"><div class=\"fancy-media-wrap\" style=\"\"><a href=\"https:\/\/metishaus.de\/w\/partner\/avanti\" class=\" layzr-bg rollover\" style=\"\" aria-label=\"Image\"><img decoding=\"async\" class=\"preload-me lazy-load aspect\" src=\"data:image\/svg+xml,%3Csvg%20xmlns%3D&#39;http%3A%2F%2Fwww.w3.org%2F2000%2Fsvg&#39;%20viewBox%3D&#39;0%200%20500%20500&#39;%2F%3E\" data-src=\"https:\/\/metishaus.de\/w\/wp-content\/uploads\/2025\/09\/25_Metis_Partner_Avanti_Logo_500_500.png\" data-srcset=\"https:\/\/metishaus.de\/w\/wp-content\/uploads\/2025\/09\/25_Metis_Partner_Avanti_Logo_500_500.png 500w\" loading=\"eager\" style=\"--ratio: 500 \/ 500\" sizes=\"(max-width: 500px) 100vw, 500px\" width=\"500\" height=\"500\"  data-dt-location=\"https:\/\/metishaus.de\/w\/partner\/25_metis_partner_avanti_logo_500_500\/\" alt=\"\" \/><\/a><\/div><\/div><\/div>[vc_empty_space height=&#8220;20px&#8220;][\/vc_column][vc_column width=&#8220;1\/6&#8243;]<style type=\"text\/css\" data-type=\"the7_shortcodes-inline-css\">.shortcode-single-image-wrap.shortcode-single-image-4aeaf8a140c4667ee1309d23d69d0860.enable-bg-rollover .rollover i,\n.shortcode-single-image-wrap.shortcode-single-image-4aeaf8a140c4667ee1309d23d69d0860.enable-bg-rollover .rollover-video i {\n  background: -webkit-linear-gradient();\n  background: linear-gradient();\n}\n.shortcode-single-image-wrap.shortcode-single-image-4aeaf8a140c4667ee1309d23d69d0860 .rollover-icon {\n  font-size: 32px;\n  color: #ffffff;\n  min-width: 44px;\n  min-height: 44px;\n  line-height: 44px;\n  border-radius: 100px;\n  border-style: solid;\n  border-width: 0px;\n}\n.dt-icon-bg-on.shortcode-single-image-wrap.shortcode-single-image-4aeaf8a140c4667ee1309d23d69d0860 .rollover-icon {\n  background: rgba(255,255,255,0.3);\n  box-shadow: none;\n}\n<\/style><div class=\"shortcode-single-image-wrap shortcode-single-image-4aeaf8a140c4667ee1309d23d69d0860 alignnone fadeIn animate-element  enable-bg-rollover dt-icon-bg-off\" style=\"margin-top:0px; margin-bottom:0px; margin-left:0px; margin-right:0px;\"><div class=\"shortcode-single-image\"><div class=\"fancy-media-wrap\" style=\"\"><a href=\"https:\/\/metishaus.de\/w\/partner\/diadema-group\" class=\" layzr-bg rollover\" style=\"\" aria-label=\"Image\"><img decoding=\"async\" class=\"preload-me lazy-load aspect\" src=\"data:image\/svg+xml,%3Csvg%20xmlns%3D&#39;http%3A%2F%2Fwww.w3.org%2F2000%2Fsvg&#39;%20viewBox%3D&#39;0%200%20500%20500&#39;%2F%3E\" data-src=\"https:\/\/metishaus.de\/w\/wp-content\/uploads\/2024\/01\/23_Metis_Partner_Diadema_Logo_500_500.png\" data-srcset=\"https:\/\/metishaus.de\/w\/wp-content\/uploads\/2024\/01\/23_Metis_Partner_Diadema_Logo_500_500.png 500w\" loading=\"eager\" style=\"--ratio: 500 \/ 500\" sizes=\"(max-width: 500px) 100vw, 500px\" width=\"500\" height=\"500\"  data-dt-location=\"https:\/\/metishaus.de\/w\/partner\/ses-baustoffe\/23_metis_partner_diadema_logo_500_500\/\" alt=\"\" \/><\/a><\/div><\/div><\/div>[vc_empty_space height=&#8220;20px&#8220;][\/vc_column][vc_column width=&#8220;1\/6&#8243;]<style type=\"text\/css\" data-type=\"the7_shortcodes-inline-css\">.shortcode-single-image-wrap.shortcode-single-image-efb61858813a311d730179690ab07d62.enable-bg-rollover .rollover i,\n.shortcode-single-image-wrap.shortcode-single-image-efb61858813a311d730179690ab07d62.enable-bg-rollover .rollover-video i {\n  background: -webkit-linear-gradient();\n  background: linear-gradient();\n}\n.shortcode-single-image-wrap.shortcode-single-image-efb61858813a311d730179690ab07d62 .rollover-icon {\n  font-size: 32px;\n  color: #ffffff;\n  min-width: 44px;\n  min-height: 44px;\n  line-height: 44px;\n  border-radius: 100px;\n  border-style: solid;\n  border-width: 0px;\n}\n.dt-icon-bg-on.shortcode-single-image-wrap.shortcode-single-image-efb61858813a311d730179690ab07d62 .rollover-icon {\n  background: rgba(255,255,255,0.3);\n  box-shadow: none;\n}\n<\/style><div class=\"shortcode-single-image-wrap shortcode-single-image-efb61858813a311d730179690ab07d62 alignnone fadeIn animate-element  enable-bg-rollover dt-icon-bg-off\" style=\"margin-top:0px; margin-bottom:0px; margin-left:0px; margin-right:0px;\"><div class=\"shortcode-single-image\"><div class=\"fancy-media-wrap\" style=\"\"><a href=\"https:\/\/metishaus.de\/w\/partner\/gravis\" class=\" layzr-bg rollover\" style=\"\" aria-label=\"Image\"><img decoding=\"async\" class=\"preload-me lazy-load aspect\" src=\"data:image\/svg+xml,%3Csvg%20xmlns%3D&#39;http%3A%2F%2Fwww.w3.org%2F2000%2Fsvg&#39;%20viewBox%3D&#39;0%200%20500%20500&#39;%2F%3E\" data-src=\"https:\/\/metishaus.de\/w\/wp-content\/uploads\/2024\/01\/23_Metis_Partner_Gravis_Logo_500_500.png\" data-srcset=\"https:\/\/metishaus.de\/w\/wp-content\/uploads\/2024\/01\/23_Metis_Partner_Gravis_Logo_500_500.png 500w\" loading=\"eager\" style=\"--ratio: 500 \/ 500\" sizes=\"(max-width: 500px) 100vw, 500px\" width=\"500\" height=\"500\"  data-dt-location=\"https:\/\/metishaus.de\/w\/partner\/ses-baustoffe\/23_metis_partner_gravis_logo_500_500\/\" alt=\"\" \/><\/a><\/div><\/div><\/div>[vc_empty_space height=&#8220;20px&#8220;][\/vc_column][vc_column width=&#8220;1\/6&#8243;]<style type=\"text\/css\" data-type=\"the7_shortcodes-inline-css\">.shortcode-single-image-wrap.shortcode-single-image-3c66d9761c90ff5cc81edd66c092668b.enable-bg-rollover .rollover i,\n.shortcode-single-image-wrap.shortcode-single-image-3c66d9761c90ff5cc81edd66c092668b.enable-bg-rollover .rollover-video i {\n  background: -webkit-linear-gradient();\n  background: linear-gradient();\n}\n.shortcode-single-image-wrap.shortcode-single-image-3c66d9761c90ff5cc81edd66c092668b .rollover-icon {\n  font-size: 32px;\n  color: #ffffff;\n  min-width: 44px;\n  min-height: 44px;\n  line-height: 44px;\n  border-radius: 100px;\n  border-style: solid;\n  border-width: 0px;\n}\n.dt-icon-bg-on.shortcode-single-image-wrap.shortcode-single-image-3c66d9761c90ff5cc81edd66c092668b .rollover-icon {\n  background: rgba(255,255,255,0.3);\n  box-shadow: none;\n}\n<\/style><div class=\"shortcode-single-image-wrap shortcode-single-image-3c66d9761c90ff5cc81edd66c092668b alignnone fadeIn animate-element  enable-bg-rollover dt-icon-bg-off\" style=\"margin-top:0px; margin-bottom:0px; margin-left:0px; margin-right:0px;\"><div class=\"shortcode-single-image\"><div class=\"fancy-media-wrap\" style=\"\"><a href=\"https:\/\/metishaus.de\/w\/partner\/monohomes\" class=\" layzr-bg rollover\" style=\"\" aria-label=\"Image\"><img decoding=\"async\" class=\"preload-me lazy-load aspect\" src=\"data:image\/svg+xml,%3Csvg%20xmlns%3D&#39;http%3A%2F%2Fwww.w3.org%2F2000%2Fsvg&#39;%20viewBox%3D&#39;0%200%20500%20500&#39;%2F%3E\" data-src=\"https:\/\/metishaus.de\/w\/wp-content\/uploads\/2024\/01\/23_Metis_Partner_Monohomes_Logo_500_500.png\" data-srcset=\"https:\/\/metishaus.de\/w\/wp-content\/uploads\/2024\/01\/23_Metis_Partner_Monohomes_Logo_500_500.png 500w\" loading=\"eager\" style=\"--ratio: 500 \/ 500\" sizes=\"(max-width: 500px) 100vw, 500px\" width=\"500\" height=\"500\"  data-dt-location=\"https:\/\/metishaus.de\/w\/partner\/ses-baustoffe\/23_metis_partner_monohomes_logo_500_500\/\" alt=\"\" \/><\/a><\/div><\/div><\/div>[vc_empty_space height=&#8220;20px&#8220;][\/vc_column][vc_column width=&#8220;1\/6&#8243;]<style type=\"text\/css\" data-type=\"the7_shortcodes-inline-css\">.shortcode-single-image-wrap.shortcode-single-image-1023e51646d9250bd783c6a8e287ce04.enable-bg-rollover .rollover i,\n.shortcode-single-image-wrap.shortcode-single-image-1023e51646d9250bd783c6a8e287ce04.enable-bg-rollover .rollover-video i {\n  background: -webkit-linear-gradient();\n  background: linear-gradient();\n}\n.shortcode-single-image-wrap.shortcode-single-image-1023e51646d9250bd783c6a8e287ce04 .rollover-icon {\n  font-size: 32px;\n  color: #ffffff;\n  min-width: 44px;\n  min-height: 44px;\n  line-height: 44px;\n  border-radius: 100px;\n  border-style: solid;\n  border-width: 0px;\n}\n.dt-icon-bg-on.shortcode-single-image-wrap.shortcode-single-image-1023e51646d9250bd783c6a8e287ce04 .rollover-icon {\n  background: rgba(255,255,255,0.3);\n  box-shadow: none;\n}\n<\/style><div class=\"shortcode-single-image-wrap shortcode-single-image-1023e51646d9250bd783c6a8e287ce04 alignnone fadeIn animate-element  enable-bg-rollover dt-icon-bg-off\" style=\"margin-top:0px; margin-bottom:0px; margin-left:0px; margin-right:0px;\"><div class=\"shortcode-single-image\"><div class=\"fancy-media-wrap\" style=\"\"><a href=\"https:\/\/metishaus.de\/w\/partner\/ses-baustoffe\" class=\" layzr-bg rollover\" style=\"\" aria-label=\"Image\"><img decoding=\"async\" class=\"preload-me lazy-load aspect\" src=\"data:image\/svg+xml,%3Csvg%20xmlns%3D&#39;http%3A%2F%2Fwww.w3.org%2F2000%2Fsvg&#39;%20viewBox%3D&#39;0%200%20500%20500&#39;%2F%3E\" data-src=\"https:\/\/metishaus.de\/w\/wp-content\/uploads\/2025\/09\/25_Metis_Partner_SES_Logo_500_500.png\" data-srcset=\"https:\/\/metishaus.de\/w\/wp-content\/uploads\/2025\/09\/25_Metis_Partner_SES_Logo_500_500.png 500w\" loading=\"eager\" style=\"--ratio: 500 \/ 500\" sizes=\"(max-width: 500px) 100vw, 500px\" width=\"500\" height=\"500\"  data-dt-location=\"https:\/\/metishaus.de\/w\/partner\/25_metis_partner_ses_logo_500_500\/\" alt=\"\" \/><\/a><\/div><\/div><\/div>[vc_empty_space height=&#8220;20px&#8220;][\/vc_column][vc_column width=&#8220;1\/6&#8243;]<style type=\"text\/css\" data-type=\"the7_shortcodes-inline-css\">.shortcode-single-image-wrap.shortcode-single-image-b1e69a3819ea9a8f33e67efb4695263f.enable-bg-rollover .rollover i,\n.shortcode-single-image-wrap.shortcode-single-image-b1e69a3819ea9a8f33e67efb4695263f.enable-bg-rollover .rollover-video i {\n  background: -webkit-linear-gradient();\n  background: linear-gradient();\n}\n.shortcode-single-image-wrap.shortcode-single-image-b1e69a3819ea9a8f33e67efb4695263f .rollover-icon {\n  font-size: 32px;\n  color: #ffffff;\n  min-width: 44px;\n  min-height: 44px;\n  line-height: 44px;\n  border-radius: 100px;\n  border-style: solid;\n  border-width: 0px;\n}\n.dt-icon-bg-on.shortcode-single-image-wrap.shortcode-single-image-b1e69a3819ea9a8f33e67efb4695263f .rollover-icon {\n  background: rgba(255,255,255,0.3);\n  box-shadow: none;\n}\n<\/style><div class=\"shortcode-single-image-wrap shortcode-single-image-b1e69a3819ea9a8f33e67efb4695263f alignnone fadeIn animate-element  enable-bg-rollover dt-icon-bg-off\" style=\"margin-top:0px; margin-bottom:0px; margin-left:0px; margin-right:0px;\"><div class=\"shortcode-single-image\"><div class=\"fancy-media-wrap\" style=\"\"><a href=\"https:\/\/metishaus.de\/w\/partner\/stylhuus\" class=\" layzr-bg rollover\" style=\"\" aria-label=\"Image\"><img decoding=\"async\" class=\"preload-me lazy-load aspect\" src=\"data:image\/svg+xml,%3Csvg%20xmlns%3D&#39;http%3A%2F%2Fwww.w3.org%2F2000%2Fsvg&#39;%20viewBox%3D&#39;0%200%20500%20500&#39;%2F%3E\" data-src=\"https:\/\/metishaus.de\/w\/wp-content\/uploads\/2024\/01\/23_Metis_Partner_Stylhuus_Logo_500_500.png\" data-srcset=\"https:\/\/metishaus.de\/w\/wp-content\/uploads\/2024\/01\/23_Metis_Partner_Stylhuus_Logo_500_500.png 500w\" loading=\"eager\" style=\"--ratio: 500 \/ 500\" sizes=\"(max-width: 500px) 100vw, 500px\" width=\"500\" height=\"500\"  data-dt-location=\"https:\/\/metishaus.de\/w\/partner\/23_metis_partner_stylhuus_logo_500_500\/\" alt=\"\" \/><\/a><\/div><\/div><\/div>[vc_empty_space height=&#8220;20px&#8220;][\/vc_column][\/vc_row][vc_row css=&#8220;.vc_custom_1678809092081{padding-bottom: 85px !important;}&#8220;][vc_column offset=&#8220;vc_hidden-sm vc_hidden-xs&#8220;][vc_empty_space height=&#8220;100px&#8220;][\/vc_column][\/vc_row]<\/p>\n<\/div>","protected":false},"excerpt":{"rendered":"<p>[vc_row type=&#8220;vc_default&#8220; full_width=&#8220;stretch_row_content_no_spaces&#8220; content_placement=&#8220;bottom&#8220; css_animation=&#8220;fadeIn&#8220; disable_element=&#8220;yes&#8220; css=&#8220;.vc_custom_1678810039711{background-image: url(https:\/\/metishaus.de\/w\/wp-content\/uploads\/2023\/03\/23_Metis_Haus_Stadtvilla_000_2000_1200.jpg?id=3929) !important;}&#8220;][vc_column offset=&#8220;vc_hidden-xs&#8220;][vc_empty_space height=&#8220;600px&#8220;][\/vc_column][\/vc_row][vc_row type=&#8220;vc_default&#8220; full_width=&#8220;stretch_row_content_no_spaces&#8220; content_placement=&#8220;bottom&#8220; css_animation=&#8220;none&#8220; css=&#8220;.vc_custom_1681479513116{background-image: url(https:\/\/metishaus.de\/w\/wp-content\/uploads\/2023\/04\/23_Metis_Header_1_0105_2000_700_.jpg?id=4564) !important;}&#8220;][vc_column offset=&#8220;vc_hidden-sm vc_hidden-xs&#8220;][vc_empty_space height=&#8220;600px&#8220;][\/vc_column][\/vc_row][vc_row css=&#8220;.vc_custom_1575386276252{padding-bottom: 85px !important;}&#8220;][vc_column offset=&#8220;vc_hidden-lg vc_hidden-md&#8220;][\/vc_column][\/vc_row][vc_row css=&#8220;.vc_custom_1575381975121{padding-top: 85px !important;padding-bottom: 55px !important;}&#8220;][vc_column css=&#8220;.vc_custom_1575381822868{padding-bottom: 30px !important;}&#8220;][vc_empty_space height=&#8220;80px&#8220;][vc_column_text css_animation=&#8220;none&#8220;] Individuell geplante H\u00e4user METISHAUS [\/vc_column_text][\/vc_column][vc_column css=&#8220;.vc_custom_1681476829302{padding-bottom: 30px !important;}&#8220; offset=&#8220;vc_col-lg-6 vc_col-md-12&#8243;][vc_column_text css_animation=&#8220;fadeIn&#8220;]Wir von Metishaus begleiten Sie gerne auf Ihrem Weg&hellip;<\/p>\n","protected":false},"author":1,"featured_media":0,"parent":4760,"menu_order":0,"comment_status":"closed","ping_status":"closed","template":"","meta":{"footnotes":""},"class_list":["post-4895","page","type-page","status-publish","hentry","description-off"],"_links":{"self":[{"href":"https:\/\/metishaus.de\/w\/wp-json\/wp\/v2\/pages\/4895","targetHints":{"allow":["GET"]}}],"collection":[{"href":"https:\/\/metishaus.de\/w\/wp-json\/wp\/v2\/pages"}],"about":[{"href":"https:\/\/metishaus.de\/w\/wp-json\/wp\/v2\/types\/page"}],"author":[{"embeddable":true,"href":"https:\/\/metishaus.de\/w\/wp-json\/wp\/v2\/users\/1"}],"replies":[{"embeddable":true,"href":"https:\/\/metishaus.de\/w\/wp-json\/wp\/v2\/comments?post=4895"}],"version-history":[{"count":6,"href":"https:\/\/metishaus.de\/w\/wp-json\/wp\/v2\/pages\/4895\/revisions"}],"predecessor-version":[{"id":5105,"href":"https:\/\/metishaus.de\/w\/wp-json\/wp\/v2\/pages\/4895\/revisions\/5105"}],"up":[{"embeddable":true,"href":"https:\/\/metishaus.de\/w\/wp-json\/wp\/v2\/pages\/4760"}],"wp:attachment":[{"href":"https:\/\/metishaus.de\/w\/wp-json\/wp\/v2\/media?parent=4895"}],"curies":[{"name":"wp","href":"https:\/\/api.w.org\/{rel}","templated":true}]}}